{"id":3323,"date":"2021-06-09T12:58:23","date_gmt":"2021-06-09T10:58:23","guid":{"rendered":"https:\/\/dev.foerdermittelsoftware.de\/?page_id=3323"},"modified":"2025-06-16T13:10:20","modified_gmt":"2025-06-16T11:10:20","slug":"kontakt","status":"publish","type":"page","link":"https:\/\/dev.foerdermittelsoftware.de\/en\/kontakt\/","title":{"rendered":"Contact"},"content":{"rendered":"<section class=\"vc_section\"><section class=\"container-wrap  custom-row main-color\"  ><div class=\"section-container container\"><div class=\"vc_row vc_row-fluid row vc_row-o-equal-height vc_row-flex\"><div class=\"wpb_column vc_column_container vc_col-sm-6\"><div class=\"vc_column-inner vc_custom_1732627856949\"><div class=\"wpb_wrapper\"><style>@media (max-width: 767px) { [data-uid=\"69e38338e0b79\"]{font-size: 17px !important;line-height: 25px !important;} }<\/style><h2 style=\"font-size: 22px;color: #063970;line-height: 27px;text-align: left\" data-uid=\"69e38338e0b79\" class=\"vc_custom_heading vc_custom_1733941156283\">Haben Wir Sie \u00fcberzeugt? Kontaktieren Sie uns gerne.<\/h2>\t<div class=\"i-taros-success\" style=\"display:none\">\n\t\tBest\u00e4tigung: Wir werden in Kurze mit Ihnen in Kontakt treten.\n\t<\/div>\n\t<p id=\"i-taros_form_error_message\" class=\"i-taros-error\" style=\"display:none\"> Please fill in all required fields correctly. <\/p>\n\t<p id=\"i-taros_form_email_error_message\" class=\"i-taros-error\" style=\"display:none\"> Please enter a valid e-mail address. <\/p>\n\t<p id=\"i-taros_form_date_error_message\" class=\"i-taros-error\" style=\"display:none\"> Bitte geben Sie das Datum im richtigen Format ein.  <\/p>\n\t<p id=\"i-taros_form_data_privacy_error_message\" class=\"i-taros-error\" style=\"display:none\"> Please agree to the data privacy policy. <\/p>\n\n\t\n\t<div class=\"form-section\">\n\t\t\n\n\t\t<form id=\"contact-page-contact-form\" action=\"\" method=\"post\" data-trp-original-action=\"\">\n\t\t\t<div class=\"form-row\">\n\t\t\t\t<div class=\"form-group col-md-6\">\n\t\t\t\t\t<label for=\"firstname\">First name *<\/label>\n\t\t\t\t\t<input id=\"firstname\" type=\"text\" name=\"firstname\" value=\"\">\t\n\t\t\t\t<\/div>\n\t\t\t\t<div class=\"form-group col-md-6\">\n\t\t\t\t\t<label for=\"lastname\">Last name *<\/label>\n\t\t\t\t\t<input id=\"lastname\" type=\"text\" name=\"lastname\" value=\"\">\t\n\t\t\t\t<\/div>\n\t\t\t\t<div class=\"form-group col-md-12\">\n\t\t\t\t\t<label for=\"email\">E-Mail *<\/label>\n\t\t\t\t\t<input id=\"email\" type=\"email\" name=\"email\" value=\"\">\n\t\t\t\t<\/div>\n\t\t\t\t<div class=\"form-group col-md-6\">\n\t\t\t\t\t<label for=\"telephone\">Telephone number<\/label>\n\t\t\t\t\t<input id=\"tel_num\" type=\"text\" name=\"tel_num\" value=\"\">\t\n\t\t\t\t<\/div>\n\t\t\t\t<div class=\"form-group col-md-6\">\n\t\t\t\t\t<label for=\"company\">Company<\/label>\n\t\t\t\t\t<input id=\"company\" type=\"text\" name=\"company\" value=\"\">\t\n\t\t\t\t<\/div>\n\t\t\t\t<div class=\"form-group col-md-12\">\n\t\t\t\t\t<label for=\"appionment\">Terminwunsch<\/label>\n\t\t\t\t\t<input id=\"appoinment\" class=\"custom_field_datepicker\" type=\"text\" name=\"appoinment\" value=\"\" data-dateformat=\"dd.mm.yy\" placeholder=\"\">\n\t\t\t\t\t<span class=\"feather--chevron-down\"><\/span>\n\t\t\t\t<\/div>\n\n\t\t\t\t<div class=\"form-group col-md-12\" style=\"margin-bottom:65px;\">\n\t\t\t\t\t<label for=\"appionment\">Description<\/label>\n\t\t\t\t\t<textarea name=\"note\" id=\"note\" rows=\"2\"><\/textarea>\n\t\t\t\t<\/div>\n\n\t\t\t\t<div class=\"form-group col-md-8\">\n\t\t\t\t\t<!-- <div class=\"data-privary-checkbox\">\n\t\t\t\t\t\t<input type=\"checkbox\" name=\"data-privacy\">\t\n\t\t\t\t\t<\/div> -->\n\t\t\t\t\t<div class=\"data-privary-label\">\n\t\t\t\t\t\t<label for=\"data-security\">\n\t\t\t\t\t\t\t<input type=\"checkbox\" name=\"data-privacy\">\n\t\t\t\t\t\t\t<span>I agree to the <a href=\"\/en\/datenschutz\/\"> data privacy policy <\/a> .<\/span>\n\t\t\t\t\t\t<\/label>\n\t\t\t\t\t<\/div>\n\t\t\t\t<\/div>\n\t\t\t\t\n\n\t\t\t\t<div class=\"form-group col-md-4\">\n\t\t\t\t\t<rs-loader class=\"spinner3\" style=\"display: none;\">\n\t\t\t\t\t\t<div class=\"dot1\"><\/div>\n\t\t\t\t\t\t<div class=\"dot2\"><\/div>\n\t\t\t\t\t\t<div class=\"bounce1\"><\/div>\n\t\t\t\t\t\t<div class=\"bounce2\"><\/div>\n\t\t\t\t\t\t<div class=\"bounce3\"><\/div>\n\t\t\t\t\t<\/rs-loader>\n\t\t\t\t\t<button id=\"contact-page-btn-contact-form\" class=\"contact-submit-button\" type=\"submit\" name=\"contact-page-contact-form\" value=\"Demo anfragen\"> Kontakt anfragen <\/button>\n\t\t\t\t<\/div>\n\t\t\t<\/div>\n\t\t\t\n\t\t<input type=\"hidden\" name=\"trp-form-language\" value=\"en\"\/><\/form>\n\t<\/div>\n\t\n\n\t\n\t<div class=\"kleo_text_column wpb_content_element\">\n\t\t<div class=\"wpb_wrapper\">\n\t\t\t\n\n\t\t<\/div> \n\t<\/div> <\/div><\/div><\/div><div class=\"wpb_column vc_column_container vc_col-sm-6\"><div class=\"vc_column-inner\"><div class=\"wpb_wrapper\"><div class=\"wpb_gmaps_widget wpb_content_element kontakt-map\"><div class=\"wpb_wrapper\"><div class=\"wpb_map_wraper\"><iframe src=\"https:\/\/www.google.com\/maps\/embed?pb=!1m14!1m8!1m3!1d2428.776041465591!2d13.3194769!3d52.5012935!3m2!1i1024!2i768!4f13.1!3m3!1m2!1s0x47a850fa446b71fd%3A0x2f2a91349b740a51!2sB%26IT%20Services%20GmbH!5e0!3m2!1sen!2sde!4v1750068697316!5m2!1sen!2sde\"  style=\"border: 0; width: 100%; height: 100%;\"  allowfullscreen=\"\" loading=\"lazy\" referrerpolicy=\"no-referrer-when-downgrade\"><\/iframe><\/div><\/div><\/div><\/div><\/div><\/div><\/div><\/div><\/section><!-- end section --><\/section>","protected":false},"excerpt":{"rendered":"Haben Wir Sie \u00fcberzeugt? Kontaktieren Sie uns gerne. Best\u00e4tigung: Wir werden in Kurze mit Ihnen in Kontakt treten. Bitte alle erforderlichen Felder korrekt ausf\u00fcllen. Geben Sie bitte eine g\u00fcltige E-Mail Adresse ein. Bitte geben Sie das Datum im richtigen Format ein. Bitte stimmen Sie den Datenschutzbestimmungen zu. Vorname * Nachname * E-Mail * Telefonnummer Firma Terminwunsch Ihr Anliegen Ich stimme [...]","protected":false},"author":1,"featured_media":0,"parent":0,"menu_order":4,"comment_status":"closed","ping_status":"closed","template":"","meta":{"footnotes":""},"class_list":["post-3323","page","type-page","status-publish","hentry"],"yoast_head":"<!-- This site is optimized with the Yoast SEO plugin v24.1 - https:\/\/yoast.com\/wordpress\/plugins\/seo\/ -->\n<title>Kontakt - foerdermittelsoftware<\/title>\n<meta name=\"description\" content=\"Kontaktieren Sie uns, wir freuen uns auf Ihre Anfrage. i-taros Sotware f\u00fcr Verb\u00e4nde, Kammern &amp; Vereine\" \/>\n<meta name=\"robots\" content=\"index, follow, max-snippet:-1, max-image-preview:large, max-video-preview:-1\" \/>\n<link rel=\"canonical\" href=\"https:\/\/dev.foerdermittelsoftware.de\/en\/kontakt\/\" \/>\n<meta property=\"og:locale\" content=\"en_GB\" \/>\n<meta property=\"og:type\" content=\"article\" \/>\n<meta property=\"og:title\" content=\"Kontakt - foerdermittelsoftware\" \/>\n<meta property=\"og:description\" content=\"Kontaktieren Sie uns, wir freuen uns auf Ihre Anfrage. i-taros Sotware f\u00fcr Verb\u00e4nde, Kammern &amp; Vereine\" \/>\n<meta property=\"og:url\" content=\"https:\/\/dev.foerdermittelsoftware.de\/en\/kontakt\/\" \/>\n<meta property=\"og:site_name\" content=\"foerdermittelsoftware\" \/>\n<meta property=\"article:publisher\" content=\"https:\/\/www.facebook.com\/buit.group\" \/>\n<meta property=\"article:modified_time\" content=\"2025-06-16T11:10:20+00:00\" \/>\n<meta name=\"twitter:card\" content=\"summary_large_image\" \/>\n<meta name=\"twitter:site\" content=\"@BuIT_Group\" \/>\n<meta name=\"twitter:label1\" content=\"Estimated reading time\" \/>\n\t<meta name=\"twitter:data1\" content=\"1 minute\" \/>\n<script type=\"application\/ld+json\" class=\"yoast-schema-graph\">{\"@context\":\"https:\/\/schema.org\",\"@graph\":[{\"@type\":\"WebPage\",\"@id\":\"https:\/\/dev.foerdermittelsoftware.de\/kontakt\/\",\"url\":\"https:\/\/dev.foerdermittelsoftware.de\/kontakt\/\",\"name\":\"Kontakt - foerdermittelsoftware\",\"isPartOf\":{\"@id\":\"https:\/\/dev.foerdermittelsoftware.de\/#website\"},\"datePublished\":\"2021-06-09T10:58:23+00:00\",\"dateModified\":\"2025-06-16T11:10:20+00:00\",\"description\":\"Kontaktieren Sie uns, wir freuen uns auf Ihre Anfrage. i-taros Sotware f\u00fcr Verb\u00e4nde, Kammern & Vereine\",\"breadcrumb\":{\"@id\":\"https:\/\/dev.foerdermittelsoftware.de\/kontakt\/#breadcrumb\"},\"inLanguage\":\"en-GB\",\"potentialAction\":[{\"@type\":\"ReadAction\",\"target\":[\"https:\/\/dev.foerdermittelsoftware.de\/kontakt\/\"]}]},{\"@type\":\"BreadcrumbList\",\"@id\":\"https:\/\/dev.foerdermittelsoftware.de\/kontakt\/#breadcrumb\",\"itemListElement\":[{\"@type\":\"ListItem\",\"position\":1,\"name\":\"Startseite\",\"item\":\"https:\/\/dev.foerdermittelsoftware.de\/\"},{\"@type\":\"ListItem\",\"position\":2,\"name\":\"Kontakt\"}]},{\"@type\":\"WebSite\",\"@id\":\"https:\/\/dev.foerdermittelsoftware.de\/#website\",\"url\":\"https:\/\/dev.foerdermittelsoftware.de\/\",\"name\":\"foerdermittelsoftware\",\"description\":\"SOFTWARE DIE FREIR\u00c4UME SCHAFFT\",\"potentialAction\":[{\"@type\":\"SearchAction\",\"target\":{\"@type\":\"EntryPoint\",\"urlTemplate\":\"https:\/\/dev.foerdermittelsoftware.de\/?s={search_term_string}\"},\"query-input\":{\"@type\":\"PropertyValueSpecification\",\"valueRequired\":true,\"valueName\":\"search_term_string\"}}],\"inLanguage\":\"en-GB\"}]}<\/script>\n<!-- \/ Yoast SEO plugin. -->","yoast_head_json":{"title":"Kontakt - foerdermittelsoftware","description":"Kontaktieren Sie uns, wir freuen uns auf Ihre Anfrage. i-taros Sotware f\u00fcr Verb\u00e4nde, Kammern & Vereine","robots":{"index":"index","follow":"follow","max-snippet":"max-snippet:-1","max-image-preview":"max-image-preview:large","max-video-preview":"max-video-preview:-1"},"canonical":"https:\/\/dev.foerdermittelsoftware.de\/en\/kontakt\/","og_locale":"en_GB","og_type":"article","og_title":"Kontakt - foerdermittelsoftware","og_description":"Kontaktieren Sie uns, wir freuen uns auf Ihre Anfrage. i-taros Sotware f\u00fcr Verb\u00e4nde, Kammern & Vereine","og_url":"https:\/\/dev.foerdermittelsoftware.de\/en\/kontakt\/","og_site_name":"foerdermittelsoftware","article_publisher":"https:\/\/www.facebook.com\/buit.group","article_modified_time":"2025-06-16T11:10:20+00:00","twitter_card":"summary_large_image","twitter_site":"@BuIT_Group","twitter_misc":{"Estimated reading time":"1 minute"},"schema":{"@context":"https:\/\/schema.org","@graph":[{"@type":"WebPage","@id":"https:\/\/dev.foerdermittelsoftware.de\/kontakt\/","url":"https:\/\/dev.foerdermittelsoftware.de\/kontakt\/","name":"Kontakt - foerdermittelsoftware","isPartOf":{"@id":"https:\/\/dev.foerdermittelsoftware.de\/#website"},"datePublished":"2021-06-09T10:58:23+00:00","dateModified":"2025-06-16T11:10:20+00:00","description":"Kontaktieren Sie uns, wir freuen uns auf Ihre Anfrage. i-taros Sotware f\u00fcr Verb\u00e4nde, Kammern & Vereine","breadcrumb":{"@id":"https:\/\/dev.foerdermittelsoftware.de\/kontakt\/#breadcrumb"},"inLanguage":"en-GB","potentialAction":[{"@type":"ReadAction","target":["https:\/\/dev.foerdermittelsoftware.de\/kontakt\/"]}]},{"@type":"BreadcrumbList","@id":"https:\/\/dev.foerdermittelsoftware.de\/kontakt\/#breadcrumb","itemListElement":[{"@type":"ListItem","position":1,"name":"Startseite","item":"https:\/\/dev.foerdermittelsoftware.de\/"},{"@type":"ListItem","position":2,"name":"Kontakt"}]},{"@type":"WebSite","@id":"https:\/\/dev.foerdermittelsoftware.de\/#website","url":"https:\/\/dev.foerdermittelsoftware.de\/","name":"foerdermittelsoftware","description":"SOFTWARE DIE FREIR\u00c4UME SCHAFFT","potentialAction":[{"@type":"SearchAction","target":{"@type":"EntryPoint","urlTemplate":"https:\/\/dev.foerdermittelsoftware.de\/?s={search_term_string}"},"query-input":{"@type":"PropertyValueSpecification","valueRequired":true,"valueName":"search_term_string"}}],"inLanguage":"en-GB"}]}},"_links":{"self":[{"href":"https:\/\/dev.foerdermittelsoftware.de\/en\/wp-json\/wp\/v2\/pages\/3323","targetHints":{"allow":["GET"]}}],"collection":[{"href":"https:\/\/dev.foerdermittelsoftware.de\/en\/wp-json\/wp\/v2\/pages"}],"about":[{"href":"https:\/\/dev.foerdermittelsoftware.de\/en\/wp-json\/wp\/v2\/types\/page"}],"author":[{"embeddable":true,"href":"https:\/\/dev.foerdermittelsoftware.de\/en\/wp-json\/wp\/v2\/users\/1"}],"replies":[{"embeddable":true,"href":"https:\/\/dev.foerdermittelsoftware.de\/en\/wp-json\/wp\/v2\/comments?post=3323"}],"version-history":[{"count":88,"href":"https:\/\/dev.foerdermittelsoftware.de\/en\/wp-json\/wp\/v2\/pages\/3323\/revisions"}],"predecessor-version":[{"id":6001,"href":"https:\/\/dev.foerdermittelsoftware.de\/en\/wp-json\/wp\/v2\/pages\/3323\/revisions\/6001"}],"wp:attachment":[{"href":"https:\/\/dev.foerdermittelsoftware.de\/en\/wp-json\/wp\/v2\/media?parent=3323"}],"curies":[{"name":"wp","href":"https:\/\/api.w.org\/{rel}","templated":true}]}}