{"id":3313,"date":"2021-06-09T12:55:30","date_gmt":"2021-06-09T10:55:30","guid":{"rendered":"https:\/\/dev.foerdermittelsoftware.de\/?page_id=3313"},"modified":"2025-04-22T16:03:58","modified_gmt":"2025-04-22T14:03:58","slug":"technologie","status":"publish","type":"page","link":"https:\/\/dev.foerdermittelsoftware.de\/en\/technologie\/","title":{"rendered":"Technologie"},"content":{"rendered":"<section class=\"vc_section homepage row-1 vc_custom_1732115905116 vc_section-has-fill\"><section class=\"container-wrap  main-color\"  style=\"height: 475px\" ><div class=\"section-container container\"><div class=\"vc_row vc_row-fluid row\"><div class=\"wpb_animate_when_almost_visible wpb_fadeIn fadeIn wpb_column vc_column_container vc_col-sm-12\"><div class=\"vc_column-inner\"><div class=\"wpb_wrapper\"><style>@media (max-width: 767px) { [data-uid=\"69e38aa7ccbe8\"]{font-size: 24px !important;line-height: 40px !important;} }<\/style><h1 style=\"text-align: left\" data-uid=\"69e38aa7ccbe8\" class=\"vc_custom_heading hintergrund heading\">Workflows und administrative Aufgaben sicher umsetzen<\/h1><\/div><\/div><\/div><\/div><\/div><\/section><!-- end section --><\/section><section class=\"vc_section\"><section class=\"container-wrap  image-text-column-1 main-color  text-center\"  ><div class=\"section-container container\"><div class=\"vc_row vc_row-fluid row\"><div class=\"wpb_animate_when_almost_visible wpb_fadeIn fadeIn wpb_column vc_column_container vc_col-sm-12\"><div class=\"vc_column-inner\"><div class=\"wpb_wrapper\"><h3 style=\"font-size: 24px;color: #063970;line-height: 48px;text-align: left\" class=\"vc_custom_heading heading vc_custom_1732095885689\">Was Sie \u00fcber die i-taros No-Code Technologie wissen sollten<\/h3>\n\t<div class=\"kleo_text_column wpb_content_element  text\" style=\" font-size:18px; line-height:36px; color:#2e2d2d;\">\n\t\t<div class=\"wpb_wrapper\">\n\t\t\t<p style=\"text-align: left;\">Die i-taros Technologie wird sehr erfolgreich in komplexen Digitalisierungsprojekten von \u00f6ffentlichen und privaten Organisationen eingesetzt. Die B&amp;IT Group arbeitet seit 2004 an der Entwicklung der No-Code-Technologie. F\u00fcr das Verfahren wurde der Gruppe das US Patent 10,296,305 B2 erteilt.<\/p>\n<p style=\"text-align: left;\">Vereinfacht gesagt basiert die Platform auf allgemein formulierten und vielseitig anpassbaren Software-Bausteinen. Anwendungen, die einmal programmiert wurden, k\u00f6nnen anschlie\u00dfend frei konfiguriert werden, (fast) ohne weitere Programmierungsarbeiten. \u00dcber die Jahre entsteht so eine vielseitige Plattform von wiederverwendbaren Bausteinen, die nahtlos miteinander kommunizieren k\u00f6nnen innerhalb einer L\u00f6sung.<\/p>\n<p style=\"text-align: left;\">Selbst komplexe Anwendungen wie das Management von Antr\u00e4gen, Bewilligungsprozesse oder Finanzen k\u00f6nnen (fast) ohne eine Zeile Code dargestellt werden. Erste Prototypen sind innerhalb kurzer Zeit m\u00f6glich und erleichtern so das agile <strong><span style=\"color: #063970;\"><a style=\"color: #063970;\" href=\"https:\/\/dev.foerdermittelsoftware.de\/en\/unser-vorgehen\/\">Vorgehen<\/a><\/span><\/strong> in den Projeckten.<\/p>\n\n\t\t<\/div> \n\t<\/div> <\/div><\/div><\/div><\/div><\/div><\/section><!-- end section --><\/section><section class=\"vc_section page-1 row-3\"><section class=\"container-wrap  main-color  text-center\"  ><div class=\"section-container container\"><div class=\"vc_row vc_row-fluid row vc_row-o-content-middle vc_row-flex\"><div class=\"wpb_animate_when_almost_visible wpb_fadeIn fadeIn wpb_column vc_column_container vc_col-sm-3\"><div class=\"vc_column-inner\"><div class=\"wpb_wrapper\"><div class=\"wpb_single_image wpb_content_element vc_align_center  image\"><figure class=\"wpb_wrapper vc_figure\"><div class=\"vc_single_image-wrapper   vc_box_border_grey\"><img loading=\"lazy\" decoding=\"async\" width=\"131\" height=\"125\" src=\"https:\/\/dev.foerdermittelsoftware.de\/wp-content\/uploads\/2024\/11\/Gruppe-86.png\" class=\"vc_single_image-img attachment-medium\" alt=\"\" srcset=\"https:\/\/dev.foerdermittelsoftware.de\/wp-content\/uploads\/2024\/11\/Gruppe-86.png 131w, https:\/\/dev.foerdermittelsoftware.de\/wp-content\/uploads\/2024\/11\/Gruppe-86-13x12.png 13w\" sizes=\"auto, (max-width: 131px) 100vw, 131px\" title=\"Gruppe 86\" \/><\/div><\/figure><\/div><\/div><\/div><\/div><div class=\"page-1-border wpb_animate_when_almost_visible wpb_fadeIn fadeIn wpb_column vc_column_container vc_col-sm-9\"><div class=\"vc_column-inner\"><div class=\"wpb_wrapper\">\n\t<div class=\"kleo_text_column wpb_content_element  text\" style=\" color:#2e2d2d;\">\n\t\t<div class=\"wpb_wrapper\">\n\t\t\t<p style=\"text-align: left;\"><strong>Werkbank zur Digitalisierung<\/strong> sind die in der i-taros Softwareplattform integrierten Werkzeuge. Sie beschreiben die Prozesse, Datenstrukturen, das Verhalten, die Benutzeroberfl\u00e4che und andere Komponenten. Die Werkzeuge beschreiben auch wie die konkreten Ansichten aussehen, die Workflows. Sie definieren die Regeln und Formeln von z.B. f\u00fcr Berechnungen richten Automatisierungen ein wie z.B. L\u00f6schfristen f\u00fcr Dokumente.<\/p>\n\n\t\t<\/div> \n\t<\/div> <\/div><\/div><\/div><\/div><\/div><\/section><!-- end section --><section class=\"container-wrap  main-color  text-center\"  ><div class=\"section-container container\"><div class=\"vc_row vc_row-fluid row vc_row-o-content-middle vc_row-flex\"><div class=\"wpb_animate_when_almost_visible wpb_fadeIn fadeIn wpb_column vc_column_container vc_col-sm-3\"><div class=\"vc_column-inner\"><div class=\"wpb_wrapper\"><div class=\"wpb_single_image wpb_content_element vc_align_center  image\"><figure class=\"wpb_wrapper vc_figure\"><div class=\"vc_single_image-wrapper   vc_box_border_grey\"><img loading=\"lazy\" decoding=\"async\" width=\"158\" height=\"128\" src=\"https:\/\/dev.foerdermittelsoftware.de\/wp-content\/uploads\/2024\/11\/Gruppe-615.png\" class=\"vc_single_image-img attachment-medium\" alt=\"\" srcset=\"https:\/\/dev.foerdermittelsoftware.de\/wp-content\/uploads\/2024\/11\/Gruppe-615.png 158w, https:\/\/dev.foerdermittelsoftware.de\/wp-content\/uploads\/2024\/11\/Gruppe-615-15x12.png 15w\" sizes=\"auto, (max-width: 158px) 100vw, 158px\" title=\"Gruppe 615\" \/><\/div><\/figure><\/div><\/div><\/div><\/div><div class=\"wpb_animate_when_almost_visible wpb_fadeIn fadeIn wpb_column vc_column_container vc_col-sm-9\"><div class=\"vc_column-inner\"><div class=\"wpb_wrapper\">\n\t<div class=\"kleo_text_column wpb_content_element  text\" style=\" color:#2e2d2d;\">\n\t\t<div class=\"wpb_wrapper\">\n\t\t\t<p style=\"text-align: left;\"><strong>Integrationskomponenten f\u00fcr Schnittstellen<\/strong> werden \u00fcber eine API-Bibliothek hergestellt. Sie binden externe Datenbanken an oder Fremdsoftware f\u00fcr z.B. HR, ERP oder Finanzen. Besonders wichtig f\u00fcr den \u00d6ffentlichen Sektor ist eine Anbindung an Kundenportale oder Webseiten, die einen sicheren Datenaustausch zwischen der i-taros Plattform (als Backend) zum CMS des Frontends gew\u00e4hrleistet.<\/p>\n\n\t\t<\/div> \n\t<\/div> <\/div><\/div><\/div><\/div><\/div><\/section><!-- end section --><section class=\"container-wrap  main-color  text-center\"  ><div class=\"section-container container\"><div class=\"vc_row vc_row-fluid row vc_row-o-content-middle vc_row-flex\"><div class=\"wpb_animate_when_almost_visible wpb_fadeIn fadeIn wpb_column vc_column_container vc_col-sm-3\"><div class=\"vc_column-inner\"><div class=\"wpb_wrapper\"><div class=\"wpb_single_image wpb_content_element vc_align_center  image\"><figure class=\"wpb_wrapper vc_figure\"><div class=\"vc_single_image-wrapper   vc_box_border_grey\"><img loading=\"lazy\" decoding=\"async\" width=\"131\" height=\"118\" src=\"https:\/\/dev.foerdermittelsoftware.de\/wp-content\/uploads\/2024\/11\/Gruppe-381.png\" class=\"vc_single_image-img attachment-medium\" alt=\"\" srcset=\"https:\/\/dev.foerdermittelsoftware.de\/wp-content\/uploads\/2024\/11\/Gruppe-381.png 131w, https:\/\/dev.foerdermittelsoftware.de\/wp-content\/uploads\/2024\/11\/Gruppe-381-13x12.png 13w\" sizes=\"auto, (max-width: 131px) 100vw, 131px\" title=\"Gruppe 381\" \/><\/div><\/figure><\/div><\/div><\/div><\/div><div class=\"wpb_animate_when_almost_visible wpb_fadeIn fadeIn wpb_column vc_column_container vc_col-sm-9\"><div class=\"vc_column-inner\"><div class=\"wpb_wrapper\">\n\t<div class=\"kleo_text_column wpb_content_element  text\" style=\" color:#2e2d2d;\">\n\t\t<div class=\"wpb_wrapper\">\n\t\t\t<p style=\"text-align: left;\"><strong>Die Anwendungsplattform<\/strong> wird \u00fcber den Browser genutzt und stellt die Gesch\u00e4ftsl\u00f6sungen bereit, inkl. deren Datenbanken. Sie stellt ein Repository zur Verf\u00fcgung, das Standardanwendungen z.B. f\u00fcr den \u00d6ffentlichen Bereich und Bausteine f\u00fcr Anwendungen und digitale Prozesse enth\u00e4lt, die direkt oder als Ausgangsbasis f\u00fcr individuelle Anpassungen und Erweiterungen genutzt werden k\u00f6nnen.<\/p>\n\n\t\t<\/div> \n\t<\/div> <\/div><\/div><\/div><\/div><\/div><\/section><!-- end section --><section class=\"container-wrap  main-color  text-center\"  ><div class=\"section-container container\"><div class=\"vc_row vc_row-fluid row vc_row-o-content-middle vc_row-flex\"><div class=\"wpb_animate_when_almost_visible wpb_fadeIn fadeIn wpb_column vc_column_container vc_col-sm-3\"><div class=\"vc_column-inner\"><div class=\"wpb_wrapper\"><div class=\"wpb_single_image wpb_content_element vc_align_center  image\"><figure class=\"wpb_wrapper vc_figure\"><div class=\"vc_single_image-wrapper   vc_box_border_grey\"><img loading=\"lazy\" decoding=\"async\" width=\"154\" height=\"155\" src=\"https:\/\/dev.foerdermittelsoftware.de\/wp-content\/uploads\/2024\/11\/Gruppe-616.png\" class=\"vc_single_image-img attachment-medium\" alt=\"\" srcset=\"https:\/\/dev.foerdermittelsoftware.de\/wp-content\/uploads\/2024\/11\/Gruppe-616.png 154w, https:\/\/dev.foerdermittelsoftware.de\/wp-content\/uploads\/2024\/11\/Gruppe-616-150x150.png 150w, https:\/\/dev.foerdermittelsoftware.de\/wp-content\/uploads\/2024\/11\/Gruppe-616-12x12.png 12w, https:\/\/dev.foerdermittelsoftware.de\/wp-content\/uploads\/2024\/11\/Gruppe-616-50x50.png 50w\" sizes=\"auto, (max-width: 154px) 100vw, 154px\" title=\"Gruppe 616\" \/><\/div><\/figure><\/div><\/div><\/div><\/div><div class=\"wpb_animate_when_almost_visible wpb_fadeIn fadeIn wpb_column vc_column_container vc_col-sm-9\"><div class=\"vc_column-inner\"><div class=\"wpb_wrapper\">\n\t<div class=\"kleo_text_column wpb_content_element  text\" style=\" color:#2e2d2d;\">\n\t\t<div class=\"wpb_wrapper\">\n\t\t\t<p style=\"text-align: left;\">Unser <strong>Self-Service Portal<\/strong> verf\u00fcgt \u00fcber bidirektionale Schnittstellen. Sie ist die Kommunikationsdrehscheibe zwischen der F\u00f6rdermittel-Verwaltung und den Antragstellern. Das Portal funktioniert wie eine gew\u00f6hnliche Webpage. Es erm\u00f6glicht jedoch dar\u00fcber hinaus vielf\u00e4ltige Kommunikationsm\u00f6glichkeiten, welche dem Nutzer nach dem Log-In zur Verf\u00fcgung stehen: die Bereitstellung von weitergehenden Informationen, Datendown- und Uploads sowie das das Stellen und Beantworten f\u00fcr R\u00fcckfragen und mehr\u2026<\/p>\n\n\t\t<\/div> \n\t<\/div> <\/div><\/div><\/div><\/div><\/div><\/section><!-- end section --><section class=\"container-wrap  image-text-column-1 main-color  text-center\"  ><div class=\"section-container container\"><div class=\"vc_row vc_row-fluid row vc_row-o-content-middle vc_row-flex\"><div class=\"wpb_animate_when_almost_visible wpb_fadeIn fadeIn wpb_column vc_column_container vc_col-sm-3\"><div class=\"vc_column-inner\"><div class=\"wpb_wrapper\"><div class=\"wpb_single_image wpb_content_element vc_align_center  image\"><figure class=\"wpb_wrapper vc_figure\"><div class=\"vc_single_image-wrapper   vc_box_border_grey\"><img loading=\"lazy\" decoding=\"async\" width=\"146\" height=\"93\" src=\"https:\/\/dev.foerdermittelsoftware.de\/wp-content\/uploads\/2024\/11\/Gruppe-617.png\" class=\"vc_single_image-img attachment-medium\" alt=\"\" srcset=\"https:\/\/dev.foerdermittelsoftware.de\/wp-content\/uploads\/2024\/11\/Gruppe-617.png 146w, https:\/\/dev.foerdermittelsoftware.de\/wp-content\/uploads\/2024\/11\/Gruppe-617-18x12.png 18w\" sizes=\"auto, (max-width: 146px) 100vw, 146px\" title=\"Gruppe 617\" \/><\/div><\/figure><\/div><\/div><\/div><\/div><div class=\"wpb_animate_when_almost_visible wpb_fadeIn fadeIn wpb_column vc_column_container vc_col-sm-9\"><div class=\"vc_column-inner\"><div class=\"wpb_wrapper\">\n\t<div class=\"kleo_text_column wpb_content_element  text\" style=\" color:#2e2d2d;\">\n\t\t<div class=\"wpb_wrapper\">\n\t\t\t<p style=\"text-align: left;\">Den Kunden der i-taros Plattform steht ein <strong>integriertes Hilfs- und Support-System<\/strong> (\u201eTicketsystem\u201c) zur Verf\u00fcgung, sowie ein ausgefeiltes, f\u00fcr den Kunden leicht bedienbares Tool zur Mandanten-, Rollen-, Benutzer- und Rechteverwaltung bis hinunter zur Feldebene.<\/p>\n\n\t\t<\/div> \n\t<\/div> <\/div><\/div><\/div><\/div><\/div><\/section><!-- end section --><\/section><section class=\"container-wrap  main-color  text-center\"  style=\"margin-top:-50px;margin-bottom:50px\" ><div class=\"section-container container\"><div class=\"vc_row vc_row-fluid row vc_row-o-content-middle vc_row-flex\"><div class=\"wpb_animate_when_almost_visible wpb_fadeInUp fadeInUp wpb_column vc_column_container vc_col-sm-12\"><div class=\"vc_column-inner\"><div class=\"wpb_wrapper\"><div class=\"text-center\"><a class=\"btn btn-special btn-custom btn-lg\" href=\"https:\/\/www.i-taros.com\/\" target=\"_blank\" style=\"background-color: #f7b50f;color: #ffffff;font-size: 16px;border: none !important;\">Mehr zu i-taros<\/a><\/div><\/div><\/div><\/div><\/div><\/div><\/section><!-- end section --><section class=\"container-wrap  main-color  text-center\"  style=\"margin-top:-50px;margin-bottom:50px\" ><div class=\"section-container container\"><div class=\"vc_row vc_row-fluid row vc_row-o-content-middle vc_row-flex\"><div class=\"wpb_animate_when_almost_visible wpb_slideInUp slideInUp wpb_column vc_column_container vc_col-sm-12\"><div class=\"vc_column-inner\"><div class=\"wpb_wrapper\">\n\t<div class=\"wpb_raw_code wpb_content_element wpb_raw_html\" >\n\t\t<div class=\"wpb_wrapper\">\n\t\t\t<!-- Calendly Badge-Widget Beginn -->\n<link href=\"https:\/\/assets.calendly.com\/assets\/external\/widget.css\" rel=\"stylesheet\">\n<script src=\"https:\/\/assets.calendly.com\/assets\/external\/widget.js\" type=\"text\/javascript\" async><\/script>\n<script type=\"text\/javascript\">window.onload = function() { Calendly.initBadgeWidget({ url: 'https:\/\/calendly.com\/jochen-kuhmann\/neues-meeting\/30min', text: '<i class=\"fas fa-calendar-alt\"><\/i> Termin buchen', color: '#f7b511', textColor: '#ffffff' }); }<\/script>\n<!-- Calendly Badge-Widget Ende -->\n\t\t<\/div>\n\t<\/div>\n<\/div><\/div><\/div><\/div><\/div><\/section><!-- end section --><\/p>","protected":false},"excerpt":{"rendered":"Workflows und administrative Aufgaben sicher umsetzenWas Sie \u00fcber die i-taros No-Code Technologie wissen sollten Die i-taros Technologie wird sehr erfolgreich in komplexen Digitalisierungsprojekten von \u00f6ffentlichen und privaten Organisationen eingesetzt. Die B&amp;IT Group arbeitet seit 2004 an der Entwicklung der No-Code-Technologie. F\u00fcr das Verfahren wurde der Gruppe das US Patent 10,296,305 B2 erteilt. Vereinfacht gesagt basiert die Platform auf allgemein formulierten [...]","protected":false},"author":1,"featured_media":0,"parent":0,"menu_order":1,"comment_status":"closed","ping_status":"closed","template":"","meta":{"footnotes":""},"class_list":["post-3313","page","type-page","status-publish","hentry"],"yoast_head":"<!-- This site is optimized with the Yoast SEO plugin v24.1 - https:\/\/yoast.com\/wordpress\/plugins\/seo\/ -->\n<title>No-Code-Technologie \u2013 Effizientes F\u00f6rdermittelmanagement<\/title>\n<meta name=\"description\" content=\"Erfahren Sie, wie unsere No-Code-Technologie die Digitalisierung und Automatisierung im F\u00f6rdermittelmanagement vorantreibt.\" \/>\n<meta name=\"robots\" content=\"index, follow, max-snippet:-1, max-image-preview:large, max-video-preview:-1\" \/>\n<link rel=\"canonical\" href=\"https:\/\/dev.foerdermittelsoftware.de\/en\/technologie\/\" \/>\n<meta property=\"og:locale\" content=\"en_GB\" \/>\n<meta property=\"og:type\" content=\"article\" \/>\n<meta property=\"og:title\" content=\"No-Code-Technologie \u2013 Effizientes F\u00f6rdermittelmanagement\" \/>\n<meta property=\"og:description\" content=\"Erfahren Sie, wie unsere No-Code-Technologie die Digitalisierung und Automatisierung im F\u00f6rdermittelmanagement vorantreibt.\" \/>\n<meta property=\"og:url\" content=\"https:\/\/dev.foerdermittelsoftware.de\/en\/technologie\/\" \/>\n<meta property=\"og:site_name\" content=\"foerdermittelsoftware\" \/>\n<meta property=\"article:publisher\" content=\"https:\/\/www.facebook.com\/buit.group\" \/>\n<meta property=\"article:modified_time\" content=\"2025-04-22T14:03:58+00:00\" \/>\n<meta name=\"twitter:card\" content=\"summary_large_image\" \/>\n<meta name=\"twitter:site\" content=\"@BuIT_Group\" \/>\n<meta name=\"twitter:label1\" content=\"Estimated reading time\" \/>\n\t<meta name=\"twitter:data1\" content=\"4 minutes\" \/>\n<script type=\"application\/ld+json\" class=\"yoast-schema-graph\">{\"@context\":\"https:\/\/schema.org\",\"@graph\":[{\"@type\":\"WebPage\",\"@id\":\"https:\/\/dev.foerdermittelsoftware.de\/technologie\/\",\"url\":\"https:\/\/dev.foerdermittelsoftware.de\/technologie\/\",\"name\":\"No-Code-Technologie \u2013 Effizientes F\u00f6rdermittelmanagement\",\"isPartOf\":{\"@id\":\"https:\/\/dev.foerdermittelsoftware.de\/#website\"},\"datePublished\":\"2021-06-09T10:55:30+00:00\",\"dateModified\":\"2025-04-22T14:03:58+00:00\",\"description\":\"Erfahren Sie, wie unsere No-Code-Technologie die Digitalisierung und Automatisierung im F\u00f6rdermittelmanagement vorantreibt.\",\"breadcrumb\":{\"@id\":\"https:\/\/dev.foerdermittelsoftware.de\/technologie\/#breadcrumb\"},\"inLanguage\":\"en-GB\",\"potentialAction\":[{\"@type\":\"ReadAction\",\"target\":[\"https:\/\/dev.foerdermittelsoftware.de\/technologie\/\"]}]},{\"@type\":\"BreadcrumbList\",\"@id\":\"https:\/\/dev.foerdermittelsoftware.de\/technologie\/#breadcrumb\",\"itemListElement\":[{\"@type\":\"ListItem\",\"position\":1,\"name\":\"Startseite\",\"item\":\"https:\/\/dev.foerdermittelsoftware.de\/\"},{\"@type\":\"ListItem\",\"position\":2,\"name\":\"Technologie\"}]},{\"@type\":\"WebSite\",\"@id\":\"https:\/\/dev.foerdermittelsoftware.de\/#website\",\"url\":\"https:\/\/dev.foerdermittelsoftware.de\/\",\"name\":\"foerdermittelsoftware\",\"description\":\"SOFTWARE DIE FREIR\u00c4UME SCHAFFT\",\"potentialAction\":[{\"@type\":\"SearchAction\",\"target\":{\"@type\":\"EntryPoint\",\"urlTemplate\":\"https:\/\/dev.foerdermittelsoftware.de\/?s={search_term_string}\"},\"query-input\":{\"@type\":\"PropertyValueSpecification\",\"valueRequired\":true,\"valueName\":\"search_term_string\"}}],\"inLanguage\":\"en-GB\"}]}<\/script>\n<!-- \/ Yoast SEO plugin. -->","yoast_head_json":{"title":"No-Code-Technologie \u2013 Effizientes F\u00f6rdermittelmanagement","description":"Erfahren Sie, wie unsere No-Code-Technologie die Digitalisierung und Automatisierung im F\u00f6rdermittelmanagement vorantreibt.","robots":{"index":"index","follow":"follow","max-snippet":"max-snippet:-1","max-image-preview":"max-image-preview:large","max-video-preview":"max-video-preview:-1"},"canonical":"https:\/\/dev.foerdermittelsoftware.de\/en\/technologie\/","og_locale":"en_GB","og_type":"article","og_title":"No-Code-Technologie \u2013 Effizientes F\u00f6rdermittelmanagement","og_description":"Erfahren Sie, wie unsere No-Code-Technologie die Digitalisierung und Automatisierung im F\u00f6rdermittelmanagement vorantreibt.","og_url":"https:\/\/dev.foerdermittelsoftware.de\/en\/technologie\/","og_site_name":"foerdermittelsoftware","article_publisher":"https:\/\/www.facebook.com\/buit.group","article_modified_time":"2025-04-22T14:03:58+00:00","twitter_card":"summary_large_image","twitter_site":"@BuIT_Group","twitter_misc":{"Estimated reading time":"4 minutes"},"schema":{"@context":"https:\/\/schema.org","@graph":[{"@type":"WebPage","@id":"https:\/\/dev.foerdermittelsoftware.de\/technologie\/","url":"https:\/\/dev.foerdermittelsoftware.de\/technologie\/","name":"No-Code-Technologie \u2013 Effizientes F\u00f6rdermittelmanagement","isPartOf":{"@id":"https:\/\/dev.foerdermittelsoftware.de\/#website"},"datePublished":"2021-06-09T10:55:30+00:00","dateModified":"2025-04-22T14:03:58+00:00","description":"Erfahren Sie, wie unsere No-Code-Technologie die Digitalisierung und Automatisierung im F\u00f6rdermittelmanagement vorantreibt.","breadcrumb":{"@id":"https:\/\/dev.foerdermittelsoftware.de\/technologie\/#breadcrumb"},"inLanguage":"en-GB","potentialAction":[{"@type":"ReadAction","target":["https:\/\/dev.foerdermittelsoftware.de\/technologie\/"]}]},{"@type":"BreadcrumbList","@id":"https:\/\/dev.foerdermittelsoftware.de\/technologie\/#breadcrumb","itemListElement":[{"@type":"ListItem","position":1,"name":"Startseite","item":"https:\/\/dev.foerdermittelsoftware.de\/"},{"@type":"ListItem","position":2,"name":"Technologie"}]},{"@type":"WebSite","@id":"https:\/\/dev.foerdermittelsoftware.de\/#website","url":"https:\/\/dev.foerdermittelsoftware.de\/","name":"foerdermittelsoftware","description":"SOFTWARE DIE FREIR\u00c4UME SCHAFFT","potentialAction":[{"@type":"SearchAction","target":{"@type":"EntryPoint","urlTemplate":"https:\/\/dev.foerdermittelsoftware.de\/?s={search_term_string}"},"query-input":{"@type":"PropertyValueSpecification","valueRequired":true,"valueName":"search_term_string"}}],"inLanguage":"en-GB"}]}},"_links":{"self":[{"href":"https:\/\/dev.foerdermittelsoftware.de\/en\/wp-json\/wp\/v2\/pages\/3313","targetHints":{"allow":["GET"]}}],"collection":[{"href":"https:\/\/dev.foerdermittelsoftware.de\/en\/wp-json\/wp\/v2\/pages"}],"about":[{"href":"https:\/\/dev.foerdermittelsoftware.de\/en\/wp-json\/wp\/v2\/types\/page"}],"author":[{"embeddable":true,"href":"https:\/\/dev.foerdermittelsoftware.de\/en\/wp-json\/wp\/v2\/users\/1"}],"replies":[{"embeddable":true,"href":"https:\/\/dev.foerdermittelsoftware.de\/en\/wp-json\/wp\/v2\/comments?post=3313"}],"version-history":[{"count":212,"href":"https:\/\/dev.foerdermittelsoftware.de\/en\/wp-json\/wp\/v2\/pages\/3313\/revisions"}],"predecessor-version":[{"id":5970,"href":"https:\/\/dev.foerdermittelsoftware.de\/en\/wp-json\/wp\/v2\/pages\/3313\/revisions\/5970"}],"wp:attachment":[{"href":"https:\/\/dev.foerdermittelsoftware.de\/en\/wp-json\/wp\/v2\/media?parent=3313"}],"curies":[{"name":"wp","href":"https:\/\/api.w.org\/{rel}","templated":true}]}}