{"id":3018,"date":"2021-06-02T10:24:56","date_gmt":"2021-06-02T08:24:56","guid":{"rendered":"https:\/\/dev.foerdermittelsoftware.de\/?page_id=3018"},"modified":"2025-04-22T16:45:34","modified_gmt":"2025-04-22T14:45:34","slug":"unser-vorgehen","status":"publish","type":"page","link":"https:\/\/dev.foerdermittelsoftware.de\/en\/unser-vorgehen\/","title":{"rendered":"Our Services"},"content":{"rendered":"<section class=\"vc_section homepage row-1 vc_custom_1732015788484 vc_section-has-fill\"><section class=\"container-wrap  row-1-content main-color\"  ><div class=\"section-container container\"><div class=\"vc_row vc_row-fluid row\"><div class=\"wpb_animate_when_almost_visible wpb_fadeIn fadeIn wpb_column vc_column_container vc_col-sm-12\"><div class=\"vc_column-inner\"><div class=\"wpb_wrapper\"><style>@media (max-width: 767px) { [data-uid=\"69e3a4e0090cb\"]{font-size: 24px !important;line-height: 40px !important;} }<\/style><h1 style=\"text-align: left\" data-uid=\"69e3a4e0090cb\" class=\"vc_custom_heading hintergrund heading\">Unsere L\u00f6sungsentwicklung: Qualit\u00e4t durch bew\u00e4hrte Methoden<\/h1><\/div><\/div><\/div><\/div><\/div><\/section><!-- end section --><\/section><section class=\"vc_section\"><section class=\"container-wrap  main-color\"  style=\"margin-bottom:50px\" ><div class=\"section-container container\"><div class=\"vc_row vc_row-fluid row\"><div class=\"wpb_animate_when_almost_visible wpb_fadeIn fadeIn wpb_column vc_column_container vc_col-sm-12\"><div class=\"vc_column-inner\"><div class=\"wpb_wrapper\">\n\t<div class=\"kleo_text_column wpb_content_element  vc_custom_1732021246424\" style=\" font-size:18px; line-height:36px; color:#2e2d2d;\">\n\t\t<div class=\"wpb_wrapper\">\n\t\t\t<p style=\"text-align: left;\">Durch Kombination aus <strong>SCRUM, Design Thinking und dem V-Modell XT<\/strong>, erh\u00e4lt der Kunde eine nutzerfreundliche und qualitativ hochwertige L\u00f6sung. Projektrisiken werden durch das transparente, iterative Vorgehensmodell minimiert.<\/p>\n\n\t\t<\/div> \n\t<\/div> <\/div><\/div><\/div><div class=\"wpb_animate_when_almost_visible wpb_fadeInLeft fadeInLeft wpb_column vc_column_container vc_col-sm-6 vc_col-has-fill\"><div class=\"vc_column-inner vc_custom_1732018631224\"><div class=\"wpb_wrapper\"><div class=\"wpb_single_image wpb_content_element vc_align_center  image\"><figure class=\"wpb_wrapper vc_figure\"><div class=\"vc_single_image-wrapper   vc_box_border_grey\"><img loading=\"lazy\" decoding=\"async\" width=\"1140\" height=\"746\" src=\"https:\/\/dev.foerdermittelsoftware.de\/wp-content\/uploads\/2024\/11\/Zeichenflaeche-2@2x.png\" class=\"vc_single_image-img attachment-full\" alt=\"\" srcset=\"https:\/\/dev.foerdermittelsoftware.de\/wp-content\/uploads\/2024\/11\/Zeichenflaeche-2@2x.png 1140w, https:\/\/dev.foerdermittelsoftware.de\/wp-content\/uploads\/2024\/11\/Zeichenflaeche-2@2x-300x196.png 300w, https:\/\/dev.foerdermittelsoftware.de\/wp-content\/uploads\/2024\/11\/Zeichenflaeche-2@2x-768x503.png 768w, https:\/\/dev.foerdermittelsoftware.de\/wp-content\/uploads\/2024\/11\/Zeichenflaeche-2@2x-18x12.png 18w, https:\/\/dev.foerdermittelsoftware.de\/wp-content\/uploads\/2024\/11\/Zeichenflaeche-2@2x-672x440.png 672w, https:\/\/dev.foerdermittelsoftware.de\/wp-content\/uploads\/2024\/11\/Zeichenflaeche-2@2x-1038x679.png 1038w\" sizes=\"auto, (max-width: 1140px) 100vw, 1140px\" title=\"Zeichenfl\u00e4che 2@2x\" \/><\/div><\/figure><\/div><\/div><\/div><\/div><div class=\"wpb_animate_when_almost_visible wpb_fadeInRight fadeInRight wpb_column vc_column_container vc_col-sm-6\"><div class=\"vc_column-inner\"><div class=\"wpb_wrapper\"><h2 style=\"font-size: 22px;color: #063970;line-height: 36px;text-align: left\" class=\"vc_custom_heading\">SCRUM<\/h2>\n\t<div class=\"kleo_text_column wpb_content_element\" style=\" font-size:17px; line-height:34px; color:#2e2d2d;\">\n\t\t<div class=\"wpb_wrapper\">\n\t\t\t<p>Das Wort SCRUM kommt aus dem Englischen und bezeichnet das Gedr\u00e4nge, welches als Spielsituation im Rugby h\u00e4ufig entsteht. In der Software-Entwicklung weist der Begriff auf das iterative Vorgehen durch Sprints hin, die dicht aufeinander getaktet sind. In den Sprints werden die Aufgaben f\u00fcr alle Entwickler besprochen und verteilt, Ergebnisse verifiziert und getestet. Die Kunden werden in den Prozess mit eingebunden. Dieses Vorgehen wird auch Agile Methode genannt, wegen der schnellen R\u00fcckkopplung und Anpassung der zu entwickelnden Software- Komponenten.<\/p>\n\n\t\t<\/div> \n\t<\/div> <\/div><\/div><\/div><\/div><\/div><\/section><!-- end section --><section class=\"container-wrap  main-color\"  style=\"margin-top:50px;margin-bottom:50px\" ><div class=\"section-container container\"><div class=\"vc_row vc_row-fluid row\"><div class=\"wpb_animate_when_almost_visible wpb_fadeInLeft fadeInLeft wpb_column vc_column_container vc_col-sm-6\"><div class=\"vc_column-inner\"><div class=\"wpb_wrapper\"><h2 style=\"font-size: 22px;color: #063970;line-height: 36px;text-align: left\" class=\"vc_custom_heading\">Design Thinking<\/h2>\n\t<div class=\"kleo_text_column wpb_content_element\" style=\" font-size:17px; line-height:34px; color:#2e2d2d;\">\n\t\t<div class=\"wpb_wrapper\">\n\t\t\t<p>Das Wort SCRUM kommt aus dem Englischen und bezeichnet das Gedr\u00e4nge, welches als Spielsituation im Rugby h\u00e4ufig entsteht. In der Software-Entwicklung weist der Begriff auf das iterative Vorgehen durch Sprints hin, die dicht aufeinander getaktet sind. In den Sprints werden die Aufgaben f\u00fcr alle Entwickler besprochen und verteilt, Ergebnisse verifiziert und getestet. Die Kunden werden in den Prozess mit eingebunden. Dieses Vorgehen wird auch Agile Methode genannt, wegen der schnellen R\u00fcckkopplung und Anpassung der zu entwickelnden Software- Komponenten.<\/p>\n\n\t\t<\/div> \n\t<\/div> <\/div><\/div><\/div><div class=\"wpb_animate_when_almost_visible wpb_fadeInRight fadeInRight wpb_column vc_column_container vc_col-sm-6 vc_col-has-fill\"><div class=\"vc_column-inner vc_custom_1733845134589\"><div class=\"wpb_wrapper\"><div class=\"wpb_single_image wpb_content_element vc_align_center  image\"><figure class=\"wpb_wrapper vc_figure\"><div class=\"vc_single_image-wrapper   vc_box_border_grey\"><img loading=\"lazy\" decoding=\"async\" width=\"1140\" height=\"746\" src=\"https:\/\/dev.foerdermittelsoftware.de\/wp-content\/uploads\/2024\/11\/Gruppe-626@2x.png\" class=\"vc_single_image-img attachment-full\" alt=\"\" srcset=\"https:\/\/dev.foerdermittelsoftware.de\/wp-content\/uploads\/2024\/11\/Gruppe-626@2x.png 1140w, https:\/\/dev.foerdermittelsoftware.de\/wp-content\/uploads\/2024\/11\/Gruppe-626@2x-300x196.png 300w, https:\/\/dev.foerdermittelsoftware.de\/wp-content\/uploads\/2024\/11\/Gruppe-626@2x-768x503.png 768w, https:\/\/dev.foerdermittelsoftware.de\/wp-content\/uploads\/2024\/11\/Gruppe-626@2x-18x12.png 18w, https:\/\/dev.foerdermittelsoftware.de\/wp-content\/uploads\/2024\/11\/Gruppe-626@2x-672x440.png 672w, https:\/\/dev.foerdermittelsoftware.de\/wp-content\/uploads\/2024\/11\/Gruppe-626@2x-1038x679.png 1038w\" sizes=\"auto, (max-width: 1140px) 100vw, 1140px\" title=\"Gruppe 626@2x\" \/><\/div><\/figure><\/div><\/div><\/div><\/div><\/div><\/div><\/section><!-- end section --><section class=\"container-wrap  main-color\"  style=\"margin-top:50px;margin-bottom:50px\" ><div class=\"section-container container\"><div class=\"vc_row vc_row-fluid row\"><div class=\"wpb_animate_when_almost_visible wpb_fadeInLeft fadeInLeft wpb_column vc_column_container vc_col-sm-6 vc_col-has-fill\"><div class=\"vc_column-inner vc_custom_1733845140316\"><div class=\"wpb_wrapper\"><div class=\"wpb_single_image wpb_content_element vc_align_center  image\"><figure class=\"wpb_wrapper vc_figure\"><div class=\"vc_single_image-wrapper   vc_box_border_grey\"><img loading=\"lazy\" decoding=\"async\" width=\"1140\" height=\"916\" src=\"https:\/\/dev.foerdermittelsoftware.de\/wp-content\/uploads\/2024\/11\/Gruppe-627@2x.png\" class=\"vc_single_image-img attachment-full\" alt=\"\" srcset=\"https:\/\/dev.foerdermittelsoftware.de\/wp-content\/uploads\/2024\/11\/Gruppe-627@2x.png 1140w, https:\/\/dev.foerdermittelsoftware.de\/wp-content\/uploads\/2024\/11\/Gruppe-627@2x-300x241.png 300w, https:\/\/dev.foerdermittelsoftware.de\/wp-content\/uploads\/2024\/11\/Gruppe-627@2x-768x617.png 768w, https:\/\/dev.foerdermittelsoftware.de\/wp-content\/uploads\/2024\/11\/Gruppe-627@2x-15x12.png 15w, https:\/\/dev.foerdermittelsoftware.de\/wp-content\/uploads\/2024\/11\/Gruppe-627@2x-672x540.png 672w, https:\/\/dev.foerdermittelsoftware.de\/wp-content\/uploads\/2024\/11\/Gruppe-627@2x-1038x834.png 1038w\" sizes=\"auto, (max-width: 1140px) 100vw, 1140px\" title=\"Gruppe 627@2x\" \/><\/div><\/figure><\/div><\/div><\/div><\/div><div class=\"wpb_animate_when_almost_visible wpb_fadeInRight fadeInRight wpb_column vc_column_container vc_col-sm-6\"><div class=\"vc_column-inner\"><div class=\"wpb_wrapper\"><h2 style=\"font-size: 22px;color: #063970;line-height: 36px;text-align: left\" class=\"vc_custom_heading\">V-Modell XT<\/h2>\n\t<div class=\"kleo_text_column wpb_content_element\" style=\" font-size:17px; line-height:34px; color:#2e2d2d;\">\n\t\t<div class=\"wpb_wrapper\">\n\t\t\t<p>Das V-Modell XT dient als Projektrahmen und erm\u00f6glicht ein strukturiertes und ergebnisorientiertes Vorgehen. Konkret bedeutet dies:<\/p>\n<ul>\n<li>Festlegung von Schnittstellen und Entscheidungspunkten f\u00fcr den Projektfortschritt.<\/li>\n<li>Planung von Qualit\u00e4tssicherung, Schulung und Inbetriebnahme.<\/li>\n<li>Regelm\u00e4\u00dfige \u00dcberpr\u00fcfung der Ergebnisse durch Stakeholder.<\/li>\n<li>Gute Planbarkeit durch Definition von Aktivit\u00e4ten, Rollen und Kosten.<\/li>\n<li>Verbesserte Kommunikation zwischen Projektbeteiligten durch klare Zielsetzungen.<\/li>\n<\/ul>\n\n\t\t<\/div> \n\t<\/div> <\/div><\/div><\/div><\/div><\/div><\/section><!-- end section --><section class=\"container-wrap  main-color  text-center\"  style=\"margin-top:50px;margin-bottom:50px\" ><div class=\"section-container container\"><div class=\"vc_row vc_row-fluid row\"><div class=\"wpb_column vc_column_container vc_col-sm-12 vc_col-has-fill\"><div class=\"vc_column-inner vc_custom_1733153480596\"><div class=\"wpb_wrapper\">\n\t<div class=\"wpb_raw_code wpb_content_element wpb_raw_html\" >\n\t\t<div class=\"wpb_wrapper\">\n\t\t\t<!-- Calendly Badge-Widget Beginn -->\n<link href=\"https:\/\/assets.calendly.com\/assets\/external\/widget.css\" rel=\"stylesheet\">\n<script src=\"https:\/\/assets.calendly.com\/assets\/external\/widget.js\" type=\"text\/javascript\" async><\/script>\n<script type=\"text\/javascript\">window.onload = function() { Calendly.initBadgeWidget({ url: 'https:\/\/calendly.com\/jochen-kuhmann\/neues-meeting\/30min', text: '<i class=\"fas fa-calendar-alt\"><\/i> Termin buchen', color: '#f7b511', textColor: '#ffffff' }); }<\/script>\n<!-- Calendly Badge-Widget Ende -->\n\t\t<\/div>\n\t<\/div>\n<\/div><\/div><\/div><\/div><\/div><\/section><!-- end section --><\/section><section class=\"vc_section page-2-subpages row-5 wpb_animate_when_almost_visible wpb_fadeInUp fadeInUp vc_custom_1733153517381 vc_section-has-fill\"><section class=\"container-wrap  main-color\"  ><div class=\"section-container container\"><div class=\"vc_row vc_row-fluid row vc_row-o-content-bottom vc_row-flex\"><div class=\"wpb_column vc_column_container vc_col-sm-6\"><div class=\"vc_column-inner\"><div class=\"wpb_wrapper\"><div class=\"wpb_single_image wpb_content_element vc_align_left vc_custom_1733154533200  image\"><figure class=\"wpb_wrapper vc_figure\"><div class=\"vc_single_image-wrapper   vc_box_border_grey\"><img loading=\"lazy\" decoding=\"async\" width=\"520\" height=\"342\" src=\"https:\/\/dev.foerdermittelsoftware.de\/wp-content\/uploads\/2021\/06\/Gruppe-53.png\" class=\"vc_single_image-img attachment-large\" alt=\"Zwei Personen halten einen Kreis, darin das i-taros Logo\" srcset=\"https:\/\/dev.foerdermittelsoftware.de\/wp-content\/uploads\/2021\/06\/Gruppe-53.png 520w, https:\/\/dev.foerdermittelsoftware.de\/wp-content\/uploads\/2021\/06\/Gruppe-53-300x197.png 300w\" sizes=\"auto, (max-width: 520px) 100vw, 520px\" title=\"Gruppe 53\" \/><\/div><\/figure><\/div><\/div><\/div><\/div><div class=\"wpb_column vc_column_container vc_col-sm-6\"><div class=\"vc_column-inner\"><div class=\"wpb_wrapper\"><h3 style=\"color: #063970;text-align: left\" class=\"vc_custom_heading\">Hat sie unsere Vorgehensweise \u00fcberzeugt?<\/h3><h4 style=\"text-align: left\" class=\"vc_custom_heading vc_custom_1732019747912\">Wir beraten Sie gerne! Unverbindlich und kostenlos.<\/h4><!-- <link href=\"https:\/\/cdnjs.cloudflare.com\/ajax\/libs\/font-awesome\/4.7.0\/css\/font-awesome.min.css\" rel=\"stylesheet\"\/> -->\n\t<div class=\"i-taros-success\" style=\"display:none\">\n\t\tIhre E-Mail wurde erfolgreich versendet.\n\t<\/div>\n\t<p id=\"i-taros_form_error_message\" class=\"i-taros-error\" style=\"display:none\"> Please fill in all required fields correctly. <\/p>\n\t<p id=\"i-taros_form_email_error_message\" class=\"i-taros-error\" style=\"display:none\"> Please enter a valid e-mail address. <\/p>\n\t<p id=\"i-taros_form_number_error_message\" class=\"i-taros-error\" style=\"display:none\"> Bitte geben Sie eine g\u00fcltige Telefonnummer ein. <\/p>\n\t<p id=\"i-taros_form_data_privacy_error_message\" class=\"i-taros-error\" style=\"display:none\"> Please agree to the data privacy policy. <\/p>\n\n\t<div class=\"form-section\">\n\t\t<form id=\"subpages-contact-form\" action=\"\" method=\"post\" data-trp-original-action=\"\">\n\n\t\t\t<div class=\"form-row\">\n\t\t\t\t<div class=\"form-group col-md-6\">\n\t\t\t\t\t<label for=\"firstname\">First name *<\/label>\n\t\t\t\t\t<input id=\"subpages-form-firstname\" type=\"text\" value=\"\" name=\"firstname\">\t\n\t\t\t\t<\/div>\n\t\t\t\t<div class=\"form-group col-md-6\">\n\t\t\t\t\t<label for=\"lastname\">Last name *<\/label>\n\t\t\t\t\t<input id=\"subpages-form-lastname\" type=\"text\" value=\"\" name=\"lastname\">\t\n\t\t\t\t<\/div>\n\t\t\t\t<div class=\"form-group col-md-12\">\n\t\t\t\t\t<label for=\"email\">E-Mail *<\/label>\n\t\t\t\t\t<input id=\"subpages-form-email\" type=\"email\" value=\"\" name=\"email\">\n\t\t\t\t<\/div>\n\t\t\t\t<div class=\"form-group col-md-6\">\n\t\t\t\t\t<label for=\"telephone\">Telephone number *<\/label>\n\t\t\t\t\t<input id=\"subpages-form-telephone\" type=\"text\" value=\"\" name=\"telephone\">\t\n\t\t\t\t<\/div>\n\t\t\t\t<div class=\"form-group col-md-6\">\n\t\t\t\t\t<label for=\"company\">Company<\/label>\n\t\t\t\t\t<input id=\"subpages-form-company\" type=\"text\" value=\"\" name=\"company\">\t\n\t\t\t\t<\/div>\n\t\t\t\t<div class=\"form-group col-md-7\" style=\"margin-top:20px;\">\n\t\t\t\t\t<!-- <div class=\"data-privary-checkbox\">\n\t\t\t\t\t\t<input type=\"checkbox\" name=\"data-privacy\">\t\n\t\t\t\t\t<\/div> -->\n\t\t\t\t\t<div class=\"data-privary-label\">\n\t\t\t\t\t\t<label for=\"data-security\">\n\t\t\t\t\t\t\t<input type=\"checkbox\" name=\"data-privacy\">\t\n\t\t\t\t\t\t\t<span> I agree to the <a href=\"\/en\/datenschutz\/\"> data privacy policy <\/a> . <\/span>\n\t\t\t\t\t\t<\/label>\n\t\t\t\t\t<\/div>\n\t\t\t\t<\/div>\n\t\t\t\t<div class=\"form-group col-md-5\" style=\"margin-top:20px;\">\n\t\t\t\t\t<rs-loader class=\"spinner3\" style=\"display: none;\">\n\t\t\t\t\t\t\t<div class=\"dot1\"><\/div>\n\t\t\t\t\t\t\t<div class=\"dot2\"><\/div>\n\t\t\t\t\t\t\t<div class=\"bounce1\"><\/div>\n\t\t\t\t\t\t\t<div class=\"bounce2\"><\/div>\n\t\t\t\t\t\t\t<div class=\"bounce3\"><\/div>\n\t\t\t\t\t\t<\/rs-loader>\n\t\t\t\t\t<button id=\"subpages-form-submit-btn\" type=\"submit\" name=\"subpages-form-submit-btn\" value=\"R\u00fcckruf anfordern\"> <i class=\"fas fa-long-arrow-alt-right\"><\/i> Request callback <\/button>\n\t\t\t\t<\/div>\n\t\t\t<\/div>\n\t\t\t\n\t\t<input type=\"hidden\" name=\"trp-form-language\" value=\"en\"\/><\/form>\n\t<\/div>\n\t\n\t\n\t<div class=\"kleo_text_column wpb_content_element\">\n\t\t<div class=\"wpb_wrapper\">\n\t\t\t\n\n\t\t<\/div> \n\t<\/div> <\/div><\/div><\/div><\/div><\/div><\/section><!-- end section --><\/section>","protected":false},"excerpt":{"rendered":"Unsere L\u00f6sungsentwicklung: Qualit\u00e4t durch bew\u00e4hrte Methoden Durch Kombination aus SCRUM, Design Thinking und dem V-Modell XT, erh\u00e4lt der Kunde eine nutzerfreundliche und qualitativ hochwertige L\u00f6sung. Projektrisiken werden durch das transparente, iterative Vorgehensmodell minimiert. SCRUM Das Wort SCRUM kommt aus dem Englischen und bezeichnet das Gedr\u00e4nge, welches als Spielsituation im Rugby h\u00e4ufig entsteht. In der Software-Entwicklung weist der Begriff auf das [...]","protected":false},"author":1,"featured_media":0,"parent":0,"menu_order":26,"comment_status":"closed","ping_status":"closed","template":"","meta":{"footnotes":""},"class_list":["post-3018","page","type-page","status-publish","hentry"],"yoast_head":"<!-- This site is optimized with the Yoast SEO plugin v24.1 - https:\/\/yoast.com\/wordpress\/plugins\/seo\/ -->\n<title>Unser Vorgehen - Ma\u00dfgeschneiderte L\u00f6sungen im F\u00f6rdermittelmanagement<\/title>\n<meta name=\"description\" content=\"Entdecken Sie unser Vorgehen f\u00fcr innovative und flexible F\u00f6rdermittelmanagement-L\u00f6sungen, angepasst an Ihre Bed\u00fcrfnisse.\" \/>\n<meta name=\"robots\" content=\"index, follow, max-snippet:-1, max-image-preview:large, max-video-preview:-1\" \/>\n<link rel=\"canonical\" href=\"https:\/\/dev.foerdermittelsoftware.de\/en\/unser-vorgehen\/\" \/>\n<meta property=\"og:locale\" content=\"en_GB\" \/>\n<meta property=\"og:type\" content=\"article\" \/>\n<meta property=\"og:title\" content=\"Unser Vorgehen - Ma\u00dfgeschneiderte L\u00f6sungen im F\u00f6rdermittelmanagement\" \/>\n<meta property=\"og:description\" content=\"Entdecken Sie unser Vorgehen f\u00fcr innovative und flexible F\u00f6rdermittelmanagement-L\u00f6sungen, angepasst an Ihre Bed\u00fcrfnisse.\" \/>\n<meta property=\"og:url\" content=\"https:\/\/dev.foerdermittelsoftware.de\/en\/unser-vorgehen\/\" \/>\n<meta property=\"og:site_name\" content=\"foerdermittelsoftware\" \/>\n<meta property=\"article:publisher\" content=\"https:\/\/www.facebook.com\/buit.group\" \/>\n<meta property=\"article:modified_time\" content=\"2025-04-22T14:45:34+00:00\" \/>\n<meta name=\"twitter:card\" content=\"summary_large_image\" \/>\n<meta name=\"twitter:site\" content=\"@BuIT_Group\" \/>\n<meta name=\"twitter:label1\" content=\"Estimated reading time\" \/>\n\t<meta name=\"twitter:data1\" content=\"3 minutes\" \/>\n<script type=\"application\/ld+json\" class=\"yoast-schema-graph\">{\"@context\":\"https:\/\/schema.org\",\"@graph\":[{\"@type\":\"WebPage\",\"@id\":\"https:\/\/dev.foerdermittelsoftware.de\/unser-vorgehen\/\",\"url\":\"https:\/\/dev.foerdermittelsoftware.de\/unser-vorgehen\/\",\"name\":\"Unser Vorgehen - Ma\u00dfgeschneiderte L\u00f6sungen im F\u00f6rdermittelmanagement\",\"isPartOf\":{\"@id\":\"https:\/\/dev.foerdermittelsoftware.de\/#website\"},\"datePublished\":\"2021-06-02T08:24:56+00:00\",\"dateModified\":\"2025-04-22T14:45:34+00:00\",\"description\":\"Entdecken Sie unser Vorgehen f\u00fcr innovative und flexible F\u00f6rdermittelmanagement-L\u00f6sungen, angepasst an Ihre Bed\u00fcrfnisse.\",\"breadcrumb\":{\"@id\":\"https:\/\/dev.foerdermittelsoftware.de\/unser-vorgehen\/#breadcrumb\"},\"inLanguage\":\"en-GB\",\"potentialAction\":[{\"@type\":\"ReadAction\",\"target\":[\"https:\/\/dev.foerdermittelsoftware.de\/unser-vorgehen\/\"]}]},{\"@type\":\"BreadcrumbList\",\"@id\":\"https:\/\/dev.foerdermittelsoftware.de\/unser-vorgehen\/#breadcrumb\",\"itemListElement\":[{\"@type\":\"ListItem\",\"position\":1,\"name\":\"Startseite\",\"item\":\"https:\/\/dev.foerdermittelsoftware.de\/\"},{\"@type\":\"ListItem\",\"position\":2,\"name\":\"Unser Vorgehen\"}]},{\"@type\":\"WebSite\",\"@id\":\"https:\/\/dev.foerdermittelsoftware.de\/#website\",\"url\":\"https:\/\/dev.foerdermittelsoftware.de\/\",\"name\":\"foerdermittelsoftware\",\"description\":\"SOFTWARE DIE FREIR\u00c4UME SCHAFFT\",\"potentialAction\":[{\"@type\":\"SearchAction\",\"target\":{\"@type\":\"EntryPoint\",\"urlTemplate\":\"https:\/\/dev.foerdermittelsoftware.de\/?s={search_term_string}\"},\"query-input\":{\"@type\":\"PropertyValueSpecification\",\"valueRequired\":true,\"valueName\":\"search_term_string\"}}],\"inLanguage\":\"en-GB\"}]}<\/script>\n<!-- \/ Yoast SEO plugin. -->","yoast_head_json":{"title":"Unser Vorgehen - Ma\u00dfgeschneiderte L\u00f6sungen im F\u00f6rdermittelmanagement","description":"Entdecken Sie unser Vorgehen f\u00fcr innovative und flexible F\u00f6rdermittelmanagement-L\u00f6sungen, angepasst an Ihre Bed\u00fcrfnisse.","robots":{"index":"index","follow":"follow","max-snippet":"max-snippet:-1","max-image-preview":"max-image-preview:large","max-video-preview":"max-video-preview:-1"},"canonical":"https:\/\/dev.foerdermittelsoftware.de\/en\/unser-vorgehen\/","og_locale":"en_GB","og_type":"article","og_title":"Unser Vorgehen - Ma\u00dfgeschneiderte L\u00f6sungen im F\u00f6rdermittelmanagement","og_description":"Entdecken Sie unser Vorgehen f\u00fcr innovative und flexible F\u00f6rdermittelmanagement-L\u00f6sungen, angepasst an Ihre Bed\u00fcrfnisse.","og_url":"https:\/\/dev.foerdermittelsoftware.de\/en\/unser-vorgehen\/","og_site_name":"foerdermittelsoftware","article_publisher":"https:\/\/www.facebook.com\/buit.group","article_modified_time":"2025-04-22T14:45:34+00:00","twitter_card":"summary_large_image","twitter_site":"@BuIT_Group","twitter_misc":{"Estimated reading time":"3 minutes"},"schema":{"@context":"https:\/\/schema.org","@graph":[{"@type":"WebPage","@id":"https:\/\/dev.foerdermittelsoftware.de\/unser-vorgehen\/","url":"https:\/\/dev.foerdermittelsoftware.de\/unser-vorgehen\/","name":"Unser Vorgehen - Ma\u00dfgeschneiderte L\u00f6sungen im F\u00f6rdermittelmanagement","isPartOf":{"@id":"https:\/\/dev.foerdermittelsoftware.de\/#website"},"datePublished":"2021-06-02T08:24:56+00:00","dateModified":"2025-04-22T14:45:34+00:00","description":"Entdecken Sie unser Vorgehen f\u00fcr innovative und flexible F\u00f6rdermittelmanagement-L\u00f6sungen, angepasst an Ihre Bed\u00fcrfnisse.","breadcrumb":{"@id":"https:\/\/dev.foerdermittelsoftware.de\/unser-vorgehen\/#breadcrumb"},"inLanguage":"en-GB","potentialAction":[{"@type":"ReadAction","target":["https:\/\/dev.foerdermittelsoftware.de\/unser-vorgehen\/"]}]},{"@type":"BreadcrumbList","@id":"https:\/\/dev.foerdermittelsoftware.de\/unser-vorgehen\/#breadcrumb","itemListElement":[{"@type":"ListItem","position":1,"name":"Startseite","item":"https:\/\/dev.foerdermittelsoftware.de\/"},{"@type":"ListItem","position":2,"name":"Unser Vorgehen"}]},{"@type":"WebSite","@id":"https:\/\/dev.foerdermittelsoftware.de\/#website","url":"https:\/\/dev.foerdermittelsoftware.de\/","name":"foerdermittelsoftware","description":"SOFTWARE DIE FREIR\u00c4UME SCHAFFT","potentialAction":[{"@type":"SearchAction","target":{"@type":"EntryPoint","urlTemplate":"https:\/\/dev.foerdermittelsoftware.de\/?s={search_term_string}"},"query-input":{"@type":"PropertyValueSpecification","valueRequired":true,"valueName":"search_term_string"}}],"inLanguage":"en-GB"}]}},"_links":{"self":[{"href":"https:\/\/dev.foerdermittelsoftware.de\/en\/wp-json\/wp\/v2\/pages\/3018","targetHints":{"allow":["GET"]}}],"collection":[{"href":"https:\/\/dev.foerdermittelsoftware.de\/en\/wp-json\/wp\/v2\/pages"}],"about":[{"href":"https:\/\/dev.foerdermittelsoftware.de\/en\/wp-json\/wp\/v2\/types\/page"}],"author":[{"embeddable":true,"href":"https:\/\/dev.foerdermittelsoftware.de\/en\/wp-json\/wp\/v2\/users\/1"}],"replies":[{"embeddable":true,"href":"https:\/\/dev.foerdermittelsoftware.de\/en\/wp-json\/wp\/v2\/comments?post=3018"}],"version-history":[{"count":169,"href":"https:\/\/dev.foerdermittelsoftware.de\/en\/wp-json\/wp\/v2\/pages\/3018\/revisions"}],"predecessor-version":[{"id":5784,"href":"https:\/\/dev.foerdermittelsoftware.de\/en\/wp-json\/wp\/v2\/pages\/3018\/revisions\/5784"}],"wp:attachment":[{"href":"https:\/\/dev.foerdermittelsoftware.de\/en\/wp-json\/wp\/v2\/media?parent=3018"}],"curies":[{"name":"wp","href":"https:\/\/api.w.org\/{rel}","templated":true}]}}